{"id":523,"date":"2024-06-11T17:36:18","date_gmt":"2024-06-11T15:36:18","guid":{"rendered":"https:\/\/avenergy.bertastrasse1.ch\/?page_id=523"},"modified":"2024-07-18T15:44:16","modified_gmt":"2024-07-18T13:44:16","slug":"chi-siamo","status":"publish","type":"page","link":"https:\/\/avenergy.bertastrasse1.ch\/it\/chi-siamo\/","title":{"rendered":"Chi siamo"},"content":{"rendered":"\n  <section class=\"team-section d-flex flex-column\">\n          <div class=\"section-head d-flex flex-column gap-4 text-center\">\n                  <h2 class=\"font-movatif mb-0\">Powerfacts sui\u00a0nozioni di base,\u00a0strada e mobilit\u00e0,\u00a0progresso e innovazione\u00a0e\u00a0sicurezza dell&#8217;approvvigionamento.<\/h2>\n                          <div class=\"head-text mx-auto\"><p>&nbsp;<br \/>\n&nbsp;<br \/>\n&nbsp;<\/p>\n<p style=\"text-align: center;\"><strong>Con i \u00ab Powerfacts \u00bb d\u2019Avenergy per una discussione oggettiva sul futuro della politica energetica.<\/strong><\/p>\n<p>&nbsp;<br \/>\n&nbsp;<\/p>\n<p style=\"text-align: center;\">Noi di Avenergy Suisse siamo convinti che lo sviluppo dell\u2019approvvigionamento energetico in Svizzera non pu\u00f2 riuscire senza una discussione oggettiva. Ogni buona decisione si basa su fatti e dati. Questa verit\u00e0 viene spesso dimenticata nel dibattito politico. A questo scopo ci sembra pi\u00f9 importante che mai di parlare del futuro dell\u2019approvvigionamento energetico senza influenze ideologiche.<\/p>\n<p style=\"text-align: center;\">Avenergy Suisse, l\u2019associazione degli importatori di combustibili e carburanti liquidi, vuole contribuire a rendere il dibattito pi\u00f9 oggettivo. Gli oltre 50 fatti e cifre chiave su temi centrali della politica energetica vogliono aiutare decisori politici, economici e delle amministrazioni a essere ben equipaggiati in vista dei prossimi dibattiti di politica energetica. Una cosa \u00e8 certa: le differenze in materia di politica energetica continueranno a esistere. La situazione dell\u2019approvvigionamento energetico \u00e8 sempre teso, la trasformazione del sistema energetico prosegue a rilento e i prezzi sui diversi mercati dell\u2019energia continueranno ad avere un impatto sui costi, anche per le economie domestiche.<\/p>\n<p style=\"text-align: center;\">Vale sempre la pena di ritornare sulle fondamenta della nostra prosperit\u00e0, e questo include anche i dettagli sul nostro sistema energetico. Vi auguriamo una piacevole lettura.<\/p>\n<p style=\"text-align: center;\">Saluti, Avenergy Suisse<\/p>\n<p style=\"text-align: center;\"><strong>\u00a0<\/strong><\/p>\n<\/div>\n              <\/div>\n          <\/section>\n\n","protected":false},"excerpt":{"rendered":"","protected":false},"author":3,"featured_media":0,"parent":0,"menu_order":0,"comment_status":"closed","ping_status":"closed","template":"","meta":{"_acf_changed":false,"inline_featured_image":false,"footnotes":""},"acf":[],"yoast_head":"<!-- This site is optimized with the Yoast SEO plugin v22.9 - https:\/\/yoast.com\/wordpress\/plugins\/seo\/ -->\n<title>Chi siamo - Powerfacts<\/title>\n<meta name=\"robots\" content=\"noindex, follow, max-snippet:-1, max-image-preview:large, max-video-preview:-1\" \/>\n<meta property=\"og:locale\" content=\"it_IT\" \/>\n<meta property=\"og:type\" content=\"article\" \/>\n<meta property=\"og:title\" content=\"Chi siamo - Powerfacts\" \/>\n<meta property=\"og:url\" content=\"https:\/\/avenergy.bertastrasse1.ch\/it\/chi-siamo\/\" \/>\n<meta property=\"og:site_name\" content=\"Powerfacts\" \/>\n<meta property=\"article:modified_time\" content=\"2024-07-18T13:44:16+00:00\" \/>\n<meta name=\"twitter:card\" content=\"summary_large_image\" \/>\n<script type=\"application\/ld+json\" class=\"yoast-schema-graph\">{\"@context\":\"https:\/\/schema.org\",\"@graph\":[{\"@type\":\"WebPage\",\"@id\":\"https:\/\/avenergy.bertastrasse1.ch\/it\/chi-siamo\/\",\"url\":\"https:\/\/avenergy.bertastrasse1.ch\/it\/chi-siamo\/\",\"name\":\"Chi siamo - Powerfacts\",\"isPartOf\":{\"@id\":\"https:\/\/avenergy.bertastrasse1.ch\/#website\"},\"datePublished\":\"2024-06-11T15:36:18+00:00\",\"dateModified\":\"2024-07-18T13:44:16+00:00\",\"breadcrumb\":{\"@id\":\"https:\/\/avenergy.bertastrasse1.ch\/it\/chi-siamo\/#breadcrumb\"},\"inLanguage\":\"it-IT\",\"potentialAction\":[{\"@type\":\"ReadAction\",\"target\":[\"https:\/\/avenergy.bertastrasse1.ch\/it\/chi-siamo\/\"]}]},{\"@type\":\"BreadcrumbList\",\"@id\":\"https:\/\/avenergy.bertastrasse1.ch\/it\/chi-siamo\/#breadcrumb\",\"itemListElement\":[{\"@type\":\"ListItem\",\"position\":1,\"name\":\"Home\",\"item\":\"https:\/\/avenergy.bertastrasse1.ch\/it\/\"},{\"@type\":\"ListItem\",\"position\":2,\"name\":\"Chi siamo\"}]},{\"@type\":\"WebSite\",\"@id\":\"https:\/\/avenergy.bertastrasse1.ch\/#website\",\"url\":\"https:\/\/avenergy.bertastrasse1.ch\/\",\"name\":\"Powerfacts\",\"description\":\"\",\"potentialAction\":[{\"@type\":\"SearchAction\",\"target\":{\"@type\":\"EntryPoint\",\"urlTemplate\":\"https:\/\/avenergy.bertastrasse1.ch\/?s={search_term_string}\"},\"query-input\":\"required name=search_term_string\"}],\"inLanguage\":\"it-IT\"}]}<\/script>\n<!-- \/ Yoast SEO plugin. -->","yoast_head_json":{"title":"Chi siamo - Powerfacts","robots":{"index":"noindex","follow":"follow","max-snippet":"max-snippet:-1","max-image-preview":"max-image-preview:large","max-video-preview":"max-video-preview:-1"},"og_locale":"it_IT","og_type":"article","og_title":"Chi siamo - Powerfacts","og_url":"https:\/\/avenergy.bertastrasse1.ch\/it\/chi-siamo\/","og_site_name":"Powerfacts","article_modified_time":"2024-07-18T13:44:16+00:00","twitter_card":"summary_large_image","schema":{"@context":"https:\/\/schema.org","@graph":[{"@type":"WebPage","@id":"https:\/\/avenergy.bertastrasse1.ch\/it\/chi-siamo\/","url":"https:\/\/avenergy.bertastrasse1.ch\/it\/chi-siamo\/","name":"Chi siamo - Powerfacts","isPartOf":{"@id":"https:\/\/avenergy.bertastrasse1.ch\/#website"},"datePublished":"2024-06-11T15:36:18+00:00","dateModified":"2024-07-18T13:44:16+00:00","breadcrumb":{"@id":"https:\/\/avenergy.bertastrasse1.ch\/it\/chi-siamo\/#breadcrumb"},"inLanguage":"it-IT","potentialAction":[{"@type":"ReadAction","target":["https:\/\/avenergy.bertastrasse1.ch\/it\/chi-siamo\/"]}]},{"@type":"BreadcrumbList","@id":"https:\/\/avenergy.bertastrasse1.ch\/it\/chi-siamo\/#breadcrumb","itemListElement":[{"@type":"ListItem","position":1,"name":"Home","item":"https:\/\/avenergy.bertastrasse1.ch\/it\/"},{"@type":"ListItem","position":2,"name":"Chi siamo"}]},{"@type":"WebSite","@id":"https:\/\/avenergy.bertastrasse1.ch\/#website","url":"https:\/\/avenergy.bertastrasse1.ch\/","name":"Powerfacts","description":"","potentialAction":[{"@type":"SearchAction","target":{"@type":"EntryPoint","urlTemplate":"https:\/\/avenergy.bertastrasse1.ch\/?s={search_term_string}"},"query-input":"required name=search_term_string"}],"inLanguage":"it-IT"}]}},"_links":{"self":[{"href":"https:\/\/avenergy.bertastrasse1.ch\/it\/wp-json\/wp\/v2\/pages\/523"}],"collection":[{"href":"https:\/\/avenergy.bertastrasse1.ch\/it\/wp-json\/wp\/v2\/pages"}],"about":[{"href":"https:\/\/avenergy.bertastrasse1.ch\/it\/wp-json\/wp\/v2\/types\/page"}],"author":[{"embeddable":true,"href":"https:\/\/avenergy.bertastrasse1.ch\/it\/wp-json\/wp\/v2\/users\/3"}],"replies":[{"embeddable":true,"href":"https:\/\/avenergy.bertastrasse1.ch\/it\/wp-json\/wp\/v2\/comments?post=523"}],"version-history":[{"count":6,"href":"https:\/\/avenergy.bertastrasse1.ch\/it\/wp-json\/wp\/v2\/pages\/523\/revisions"}],"predecessor-version":[{"id":674,"href":"https:\/\/avenergy.bertastrasse1.ch\/it\/wp-json\/wp\/v2\/pages\/523\/revisions\/674"}],"wp:attachment":[{"href":"https:\/\/avenergy.bertastrasse1.ch\/it\/wp-json\/wp\/v2\/media?parent=523"}],"curies":[{"name":"wp","href":"https:\/\/api.w.org\/{rel}","templated":true}]}}